{"id":200,"date":"2015-03-03T14:28:16","date_gmt":"2015-03-03T14:28:16","guid":{"rendered":"https:\/\/www.eymconsultora.com\/web\/?page_id=200"},"modified":"2015-09-08T17:57:44","modified_gmt":"2015-09-08T17:57:44","slug":"analisis-de-remuneraciones","status":"publish","type":"page","link":"https:\/\/eymconsultora.com\/web\/servicios\/analisis-de-remuneraciones\/","title":{"rendered":"An\u00e1lisis de remuneraciones"},"content":{"rendered":"<h2>An\u00e1lisis de remuneraciones<\/h2>\n<p>Consiste en un estudio pormenorizado de la organizaci\u00f3n, definiendo a trav\u00e9s de \u00e9ste un plan de acci\u00f3n estrat\u00e9gico, a fin de direccionar la misma hacia la maximizaci\u00f3n de sus recursos.<\/p>\n","protected":false},"excerpt":{"rendered":"<p>An\u00e1lisis de remuneraciones Consiste en un estudio pormenorizado de la organizaci\u00f3n, definiendo a trav\u00e9s de \u00e9ste un plan de acci\u00f3n estrat\u00e9gico, a fin de direccionar la [&hellip;]<\/p>\n","protected":false},"author":1,"featured_media":0,"parent":101,"menu_order":0,"comment_status":"open","ping_status":"closed","template":"","meta":[],"_links":{"self":[{"href":"https:\/\/eymconsultora.com\/web\/wp-json\/wp\/v2\/pages\/200"}],"collection":[{"href":"https:\/\/eymconsultora.com\/web\/wp-json\/wp\/v2\/pages"}],"about":[{"href":"https:\/\/eymconsultora.com\/web\/wp-json\/wp\/v2\/types\/page"}],"author":[{"embeddable":true,"href":"https:\/\/eymconsultora.com\/web\/wp-json\/wp\/v2\/users\/1"}],"replies":[{"embeddable":true,"href":"https:\/\/eymconsultora.com\/web\/wp-json\/wp\/v2\/comments?post=200"}],"version-history":[{"count":5,"href":"https:\/\/eymconsultora.com\/web\/wp-json\/wp\/v2\/pages\/200\/revisions"}],"predecessor-version":[{"id":491,"href":"https:\/\/eymconsultora.com\/web\/wp-json\/wp\/v2\/pages\/200\/revisions\/491"}],"up":[{"embeddable":true,"href":"https:\/\/eymconsultora.com\/web\/wp-json\/wp\/v2\/pages\/101"}],"wp:attachment":[{"href":"https:\/\/eymconsultora.com\/web\/wp-json\/wp\/v2\/media?parent=200"}],"curies":[{"name":"wp","href":"https:\/\/api.w.org\/{rel}","templated":true}]}}