{"id":203,"date":"2015-03-03T14:36:40","date_gmt":"2015-03-03T14:36:40","guid":{"rendered":"https:\/\/www.eymconsultora.com\/web\/?page_id=203"},"modified":"2015-09-08T17:58:06","modified_gmt":"2015-09-08T17:58:06","slug":"evaluacion-de-desempeno","status":"publish","type":"page","link":"https:\/\/eymconsultora.com\/web\/servicios\/evaluacion-de-desempeno\/","title":{"rendered":"Evaluaci\u00f3n de desempe\u00f1o"},"content":{"rendered":"<h2>Evaluaci\u00f3n de desempe\u00f1o<\/h2>\n<p>La Evaluaci\u00f3n de Desempe\u00f1o es un instrumento para mejorar los recursos humanos, mediante una apreciaci\u00f3n sistem\u00e1tica, peri\u00f3dica, estandarizada y cualificada del desempe\u00f1o de cada Colaborador en su Puesto de Trabajo. Siendo este un proceso destinado a determinar y comunicar la forma en que est\u00e1n desempe\u00f1ando su trabajo y  elaborar planes de mejora basados en las observaciones del feedback. Persiguiendo como objetivo mejorar los resultados obtenidos y beneficiar el desarrollo de las competencias.<\/p>\n","protected":false},"excerpt":{"rendered":"<p>Evaluaci\u00f3n de desempe\u00f1o La Evaluaci\u00f3n de Desempe\u00f1o es un instrumento para mejorar los recursos humanos, mediante una apreciaci\u00f3n sistem\u00e1tica, peri\u00f3dica, estandarizada y cualificada del desempe\u00f1o de [&hellip;]<\/p>\n","protected":false},"author":1,"featured_media":0,"parent":101,"menu_order":0,"comment_status":"open","ping_status":"closed","template":"","meta":[],"_links":{"self":[{"href":"https:\/\/eymconsultora.com\/web\/wp-json\/wp\/v2\/pages\/203"}],"collection":[{"href":"https:\/\/eymconsultora.com\/web\/wp-json\/wp\/v2\/pages"}],"about":[{"href":"https:\/\/eymconsultora.com\/web\/wp-json\/wp\/v2\/types\/page"}],"author":[{"embeddable":true,"href":"https:\/\/eymconsultora.com\/web\/wp-json\/wp\/v2\/users\/1"}],"replies":[{"embeddable":true,"href":"https:\/\/eymconsultora.com\/web\/wp-json\/wp\/v2\/comments?post=203"}],"version-history":[{"count":5,"href":"https:\/\/eymconsultora.com\/web\/wp-json\/wp\/v2\/pages\/203\/revisions"}],"predecessor-version":[{"id":493,"href":"https:\/\/eymconsultora.com\/web\/wp-json\/wp\/v2\/pages\/203\/revisions\/493"}],"up":[{"embeddable":true,"href":"https:\/\/eymconsultora.com\/web\/wp-json\/wp\/v2\/pages\/101"}],"wp:attachment":[{"href":"https:\/\/eymconsultora.com\/web\/wp-json\/wp\/v2\/media?parent=203"}],"curies":[{"name":"wp","href":"https:\/\/api.w.org\/{rel}","templated":true}]}}