{"id":395,"date":"2015-06-16T15:30:19","date_gmt":"2015-06-16T15:30:19","guid":{"rendered":"https:\/\/www.eymconsultora.com\/web\/?page_id=395"},"modified":"2015-06-16T16:35:24","modified_gmt":"2015-06-16T16:35:24","slug":"remuneraciones-corp","status":"publish","type":"page","link":"https:\/\/eymconsultora.com\/web\/corporativo\/remuneraciones-corp\/","title":{"rendered":"Encuesta de Remuneraciones"},"content":{"rendered":"<div>\n<h2 style=\"display: inline-block;\">Encuesta de Remuneraciones<\/h2>\n<p style=\"float: right;\"><a href=\"#\">Ingresar al sistema<\/a><\/p>\n<\/div>\n<p>Se realiza mediante un relevamiento de los niveles salariales dividido por sectores, presentando la misma a trav\u00e9s de un informe de remuneraciones detallando m\u00ednimo, mediana, promedio, 75 percetil y m\u00e1ximo.<\/p>\n<p>La misma se acompa\u00f1a con un completo de beneficios asignados de acuerdo a cada actividad encuestada.<\/p>\n<p><strong>An\u00e1lisis de Remuneraciones:<\/strong><\/p>\n<p>Consiste en un estudio pormenorizado de la organizaci\u00f3n, definiendo a trav\u00e9s de \u00e9ste un plan de acci\u00f3n estrat\u00e9gico, a fin de direccionar la misma hacia la maximizaci\u00f3n de sus recursos.<\/p>\n<p>Reg\u00edstrese, junto con su empresa para consultar nuestra base datos y estar al tanto de todos estos detalles.<\/p>\n","protected":false},"excerpt":{"rendered":"<p>Encuesta de Remuneraciones Ingresar al sistema Se realiza mediante un relevamiento de los niveles salariales dividido por sectores, presentando la misma a trav\u00e9s de un informe [&hellip;]<\/p>\n","protected":false},"author":1,"featured_media":0,"parent":354,"menu_order":0,"comment_status":"open","ping_status":"closed","template":"","meta":[],"_links":{"self":[{"href":"https:\/\/eymconsultora.com\/web\/wp-json\/wp\/v2\/pages\/395"}],"collection":[{"href":"https:\/\/eymconsultora.com\/web\/wp-json\/wp\/v2\/pages"}],"about":[{"href":"https:\/\/eymconsultora.com\/web\/wp-json\/wp\/v2\/types\/page"}],"author":[{"embeddable":true,"href":"https:\/\/eymconsultora.com\/web\/wp-json\/wp\/v2\/users\/1"}],"replies":[{"embeddable":true,"href":"https:\/\/eymconsultora.com\/web\/wp-json\/wp\/v2\/comments?post=395"}],"version-history":[{"count":12,"href":"https:\/\/eymconsultora.com\/web\/wp-json\/wp\/v2\/pages\/395\/revisions"}],"predecessor-version":[{"id":438,"href":"https:\/\/eymconsultora.com\/web\/wp-json\/wp\/v2\/pages\/395\/revisions\/438"}],"up":[{"embeddable":true,"href":"https:\/\/eymconsultora.com\/web\/wp-json\/wp\/v2\/pages\/354"}],"wp:attachment":[{"href":"https:\/\/eymconsultora.com\/web\/wp-json\/wp\/v2\/media?parent=395"}],"curies":[{"name":"wp","href":"https:\/\/api.w.org\/{rel}","templated":true}]}}