{"id":926,"date":"2017-12-27T15:54:25","date_gmt":"2017-12-27T15:54:25","guid":{"rendered":"https:\/\/www.eymconsultora.com\/web\/producto\/comunicacion-efectiva\/"},"modified":"2024-11-09T04:25:12","modified_gmt":"2024-11-09T04:25:12","slug":"comunicacion-efectiva","status":"publish","type":"product","link":"https:\/\/eymconsultora.com\/web\/producto\/comunicacion-efectiva\/","title":{"rendered":"Comunicaci\u00f3n con Asertividad y Empat\u00eda"},"content":{"rendered":"<p>Este curso est\u00e1 orientado a brindar las herramientas necesarias para mejorar el desempe\u00f1o en las relaciones interpersonales y minimizar los conflictos.<\/p>\n<p><strong>Comienzo de la Cursada:<\/strong><\/p>\n<p><strong>A continuaci\u00f3n, te dejamos un detalle explicativo para el proceso de inscripci\u00f3n:<\/strong><\/p>\n<ol>\n<li>Deber\u00e1s a\u00f1adir el curso de inter\u00e9s al <strong>carrito.<\/strong><\/li>\n<li>Luego, en la parte superior derecha, observar\u00e1s el logo del carrito, donde al ingresar podr\u00e1s ver el detalle del curso seleccionado.<\/li>\n<li>Hac\u00e9 clic en <strong>Finalizar Compra.<\/strong><\/li>\n<li>Se desplegar\u00e1 un formulario para ingresar los datos para tu facturaci\u00f3n y deber\u00e1s dar clic a <strong>Realizar el Pedido.<\/strong><\/li>\n<li>All\u00ed, ser\u00e1s redireccionado para realizar el pago a trav\u00e9s de <strong>Mercado Pago<\/strong> y continuar el proceso habitual.<\/li>\n<li>Una vez culminado el proceso de pago, recibir\u00e1s un email de confirmaci\u00f3n y los datos de acceso para ingresar al <strong>Campus Virtual.<\/strong><\/li>\n<\/ol>\n<p><strong>Nota:<\/strong> es importante que revises en tu bandeja de spam.<\/p>\n<p><strong>Duraci\u00f3n del Curso:<\/strong><\/p>\n<p>Bajo la Modalidad Online, el curso tendr\u00e1 una disponibilidad de 2 semanas consecutivas para visualizar el contenido te\u00f3rico y pr\u00e1ctico. Dependiendo de la dedicaci\u00f3n, podr\u00e1s hacerlo en menos tiempo del que se encontrar\u00e1 activo.<\/p>\n<p><strong>Objetivos del Curso:<\/strong><\/p>\n<ul>\n<li>Definir el concepto de comunicaci\u00f3n, los procesos y elementos involucrados en la misma.<\/li>\n<li>Identificar la importancia de la comunicaci\u00f3n no verbal y sus caracter\u00edsticas fundamentales.<\/li>\n<li>Describir lo distintos procesos de escucha, de mensaje y de comportamiento vinculados a la comunicaci\u00f3n.<\/li>\n<li>Desarrollar la habilidad de dar y recibir feedback positivo.<\/li>\n<li>Explicar los distintos canales y tipos de interferencia en materia de comunicaci\u00f3n.<\/li>\n<li>Describir distintos sistemas de comunicaci\u00f3n organizacional y presentar pr\u00e1cticas para mejorar la comunicaci\u00f3n.<\/li>\n<\/ul>\n<p><strong>Cursada:<\/strong><\/p>\n<ul>\n<li>El curso podr\u00e1 realizarse desde cualquier dispositivo (computadora, notebook, celular, Ipad, etc.) con conexi\u00f3n a Internet.<\/li>\n<li>La cursada se adapta 100% a tu disponibilidad: se puede ver las 24 hs. del d\u00eda.<\/li>\n<li>Tendr\u00e1s a tu disposici\u00f3n el email de <a href=\"mailto:capacitacion@eymconsultora.com\">capacitacion@eymconsultora.com<\/a> para hacer las consultas que requieras.<\/li>\n<\/ul>\n<p>Este curso cuenta con actividades pr\u00e1cticas.<\/p>\n<p><strong>Certificado: <\/strong><\/p>\n<p>Una vez finalizado el curso, pod\u00e9s solicitar tu certificado online v\u00eda email a <a href=\"mailto:capacitacion@eymconsultora.com\">capacitacion@eymconsultora.com<\/a> indicando tu nombre, apellido, n\u00famero de documento y curso realizado.<\/p>\n<p>&nbsp;<\/p>\n","protected":false},"excerpt":{"rendered":"<p>Este curso est\u00e1 orientado a brindar las herramientas necesarias que permitan desarrollar el desempe\u00f1o en las relaciones interpersonales y minimizar los conflictos asi como, ayudar a incrementar la motivaci\u00f3n y el compromiso de quienes lo realicen para alcanzar y superar objetivos planteados.<\/p>\n<p style=\"text-align: left;\"><span style=\"color: #008000;\"><strong>E&amp;M Campus Virtual\u00a0<\/strong><\/span><\/p>\n<p><strong>Modalidad:<\/strong>\u00a0Online\/Virtual (Inicio Inmediato)<\/p>\n<p><strong>Duraci\u00f3n:<\/strong> Consultar<\/p>\n<p><strong>Precio: Para Grupos Corporativos<\/strong> (Consultar nuestras bonificaciones)<strong>\u00a0 \u00a0 \u00a0 \u00a0 \u00a0 \u00a0 \u00a0 \u00a0 \u00a0 \u00a0 \u00a0 \u00a0 \u00a0 \u00a0 \u00a0 \u00a0 \u00a0<\/strong><\/p>\n<p style=\"text-align: left;\"><strong>Programa del Curso:<\/strong> <a href=\"https:\/\/drive.google.com\/open?id=1jXFbHIOdALnnBEE9MUnVvDS6d4Y_WGS5\">Contenido\u00a0<\/a><\/p>\n<p><strong>Video introductorio del Curso<\/strong>: <a href=\"https:\/\/www.youtube.com\/watch?v=k_N3avWozfs\"> video del curso<\/a><\/p>\n<p><strong>M\u00e1s Informaci\u00f3n<\/strong> a trav\u00e9s de <a href=\"mailto:capacitacion@eymconsultora.com\">capacitacion@eymconsultora.com\u00a0<\/a><\/p>\n","protected":false},"featured_media":1081,"comment_status":"open","ping_status":"closed","template":"","meta":[],"_links":{"self":[{"href":"https:\/\/eymconsultora.com\/web\/wp-json\/wp\/v2\/product\/926"}],"collection":[{"href":"https:\/\/eymconsultora.com\/web\/wp-json\/wp\/v2\/product"}],"about":[{"href":"https:\/\/eymconsultora.com\/web\/wp-json\/wp\/v2\/types\/product"}],"replies":[{"embeddable":true,"href":"https:\/\/eymconsultora.com\/web\/wp-json\/wp\/v2\/comments?post=926"}],"wp:featuredmedia":[{"embeddable":true,"href":"https:\/\/eymconsultora.com\/web\/wp-json\/wp\/v2\/media\/1081"}],"wp:attachment":[{"href":"https:\/\/eymconsultora.com\/web\/wp-json\/wp\/v2\/media?parent=926"}],"curies":[{"name":"wp","href":"https:\/\/api.w.org\/{rel}","templated":true}]}}