{"id":988,"date":"2018-02-08T18:22:54","date_gmt":"2018-02-08T18:22:54","guid":{"rendered":"https:\/\/www.eymconsultora.com\/web\/?post_type=product&#038;p=988"},"modified":"2024-11-09T06:45:21","modified_gmt":"2024-11-09T06:45:21","slug":"trabajo-en-equipo","status":"publish","type":"product","link":"https:\/\/eymconsultora.com\/web\/producto\/trabajo-en-equipo\/","title":{"rendered":"Conducci\u00f3n de Equipos de Trabajo en forma remota"},"content":{"rendered":"<p>Este curso est\u00e1 dirigido a brindar las herramientas claves para lograr equipos de alto rendimiento siendo importante promover el compromiso hacia la cultura del desarrollo humano\u00a0implementando\u00a0una modalidad\u00a0de\u00a0trabajo\u00a0capaz\u00a0de\u00a0responder\u00a0a\u00a0las necesidades y desaf\u00edos que se propone\u00a0la\u00a0organizaci\u00f3n lo cual incide en un incremento de la\u00a0rentabilidad,\u00a0productividad y satisfacci\u00f3n del\u00a0trabajo.<\/p>\n<p><strong>Comienzo de la Cursada:<\/strong><\/p>\n<p><strong>A continuaci\u00f3n, te dejamos un detalle explicativo para el proceso de inscripci\u00f3n:<\/strong><\/p>\n<ol>\n<li>Deber\u00e1s a\u00f1adir el curso de inter\u00e9s al <strong>carrito.<\/strong><\/li>\n<li>Luego, en la parte superior derecha, observar\u00e1s el logo del carrito, donde al ingresar podr\u00e1s ver el detalle del curso seleccionado.<\/li>\n<li>Hac\u00e9 clic en <strong>Finalizar Compra.<\/strong><\/li>\n<li>Se desplegar\u00e1 un formulario para ingresar los datos para tu facturaci\u00f3n y deber\u00e1s dar clic a <strong>Realizar el Pedido.<\/strong><\/li>\n<li>All\u00ed, ser\u00e1s redireccionado para realizar el pago a trav\u00e9s de <strong>Mercado Pago<\/strong> y continuar el proceso habitual.<\/li>\n<li>Una vez culminado el proceso de pago, recibir\u00e1s un email de confirmaci\u00f3n y los datos de acceso para ingresar al <strong>Campus Virtual.<\/strong><\/li>\n<\/ol>\n<p><strong>Nota:<\/strong> es importante que revises en tu bandeja de spam.<\/p>\n<p><strong>Duraci\u00f3n del Curso:<\/strong><\/p>\n<p>Bajo la Modalidad Online, el curso tendr\u00e1 una disponibilidad de 2 semanas consecutivas para visualizar el contenido te\u00f3rico y pr\u00e1ctico. Dependiendo de la dedicaci\u00f3n, podr\u00e1s hacerlo en menos tiempo del que se encontrar\u00e1 activo.<\/p>\n<p><strong>Cursada:<\/strong><\/p>\n<ul>\n<li>El curso podr\u00e1 realizarse desde cualquier dispositivo (computadora, notebook, celular, Ipad, etc.) con conexi\u00f3n a Internet.<\/li>\n<li>La cursada se adapta 100% a tu disponibilidad: se puede ver las 24 hs. del d\u00eda.<\/li>\n<li>Tendr\u00e1s a tu disposici\u00f3n el email de <a href=\"mailto:capacitacion@eymconsultora.com\">capacitacion@eymconsultora.com<\/a> para hacer las consultas que requieras.<\/li>\n<\/ul>\n<p>Este curso cuenta con actividades pr\u00e1cticas.<\/p>\n<p><strong>Certificado: <\/strong><\/p>\n<p>Una vez finalizado el curso, pod\u00e9s solicitar tu certificado online v\u00eda email a <a href=\"mailto:capacitacion@eymconsultora.com\">capacitacion@eymconsultora.com<\/a> indicando tu nombre, apellido, n\u00famero de documento y curso realizado.<\/p>\n<p>&nbsp;<\/p>\n","protected":false},"excerpt":{"rendered":"<p>El\u00a0programa\u00a0est\u00e1\u00a0dirigido\u00a0a\u00a0profesionales\u00a0que\u00a0deseen\u00a0promover\u00a0mayor\u00a0compromiso\u00a0hacia\u00a0la\u00a0cultura\u00a0de\u00a0desarrollo\u00a0humano\u00a0implementando\u00a0una\u00a0modalidad\u00a0de\u00a0trabajo\u00a0capaz\u00a0de\u00a0responder\u00a0a\u00a0los\u00a0desaf\u00edos\u00a0que\u00a0se\u00a0propone\u00a0la\u00a0organizaci\u00f3n.\u00a0 Dicho programa pretende que se identifiquen las \u00e1reas de mejora que permitan incrementar la rentabilidad, productividad y satisfacci\u00f3n laboral.<\/p>\n<p><span style=\"color: #008000;\"><strong>E&amp;M Campus Virtual<\/strong><\/span><\/p>\n<p><strong>Modalidad:<\/strong> Presencial y Online \/ Virtual (Inicio Inmediato)<\/p>\n<p><strong>Duraci\u00f3n:<\/strong> Consultar<\/p>\n<p><strong>Precio: Para Grupos Corporativos<\/strong> (Consultar por nuestras bonificaciones) \u00a0 \u00a0 \u00a0 \u00a0 \u00a0 \u00a0 \u00a0 \u00a0 \u00a0 \u00a0 \u00a0 \u00a0 \u00a0<strong> Para Individuos:<\/strong> Consultar<\/p>\n<p><strong>Programa del Curso:<\/strong> <a href=\"https:\/\/drive.google.com\/open?id=1AmkCK0CYyj670zTpeaCgnmqRbgbM1kAW\">Ver Contenido<\/a><\/p>\n<p><strong>Video Introductorio del Curso:<\/strong>\u00a0<a href=\"https:\/\/www.youtube.com\/watch?v=VapPGs9gTaE\">Ver video del Curso<\/a><\/p>\n<p><strong>M\u00e1s Informaci\u00f3n<\/strong> a trav\u00e9s de capacitacion@eymconsultora.com<\/p>\n","protected":false},"featured_media":1075,"comment_status":"open","ping_status":"closed","template":"","meta":[],"_links":{"self":[{"href":"https:\/\/eymconsultora.com\/web\/wp-json\/wp\/v2\/product\/988"}],"collection":[{"href":"https:\/\/eymconsultora.com\/web\/wp-json\/wp\/v2\/product"}],"about":[{"href":"https:\/\/eymconsultora.com\/web\/wp-json\/wp\/v2\/types\/product"}],"replies":[{"embeddable":true,"href":"https:\/\/eymconsultora.com\/web\/wp-json\/wp\/v2\/comments?post=988"}],"wp:featuredmedia":[{"embeddable":true,"href":"https:\/\/eymconsultora.com\/web\/wp-json\/wp\/v2\/media\/1075"}],"wp:attachment":[{"href":"https:\/\/eymconsultora.com\/web\/wp-json\/wp\/v2\/media?parent=988"}],"curies":[{"name":"wp","href":"https:\/\/api.w.org\/{rel}","templated":true}]}}